{"id":1360,"date":"2024-08-01T12:19:01","date_gmt":"2024-08-01T17:19:01","guid":{"rendered":"https:\/\/tyba.com.co\/interactyba\/?page_id=1360"},"modified":"2025-07-28T15:59:32","modified_gmt":"2025-07-28T20:59:32","slug":"inflacion","status":"publish","type":"page","link":"https:\/\/tyba.com.co\/interactyba\/inflacion\/","title":{"rendered":"Video Interactivo inflacion"},"content":{"rendered":"\t\t<div data-elementor-type=\"wp-page\" data-elementor-id=\"1360\" class=\"elementor elementor-1360\" data-elementor-post-type=\"page\">\n\t\t\t\t<div class=\"elementor-element elementor-element-407a4cb e-flex e-con-boxed e-con e-parent\" data-id=\"407a4cb\" data-element_type=\"container\" data-e-type=\"container\" data-settings=\"{&quot;jet_parallax_layout_list&quot;:[],&quot;background_background&quot;:&quot;classic&quot;}\">\n\t\t\t\t\t<div class=\"e-con-inner\">\n\t\t\t\t<div class=\"elementor-element elementor-element-80d28b8 elementor-widget elementor-widget-image\" data-id=\"80d28b8\" data-element_type=\"widget\" data-e-type=\"widget\" data-widget_type=\"image.default\">\n\t\t\t\t<div class=\"elementor-widget-container\">\n\t\t\t\t\t\t\t\t\t\t\t\t\t\t\t<img decoding=\"async\" width=\"150\" height=\"32\" src=\"https:\/\/tyba.com.co\/interactyba\/wp-content\/uploads\/2025\/06\/logos_tyba_por_cc-1.svg\" class=\"attachment-medium size-medium wp-image-2893\" alt=\"Logo tyba white\" \/>\t\t\t\t\t\t\t\t\t\t\t\t\t\t\t<\/div>\n\t\t\t\t<\/div>\n\t\t<div class=\"elementor-element elementor-element-14bed9a e-con-full e-flex e-con e-child\" data-id=\"14bed9a\" data-element_type=\"container\" data-e-type=\"container\" data-settings=\"{&quot;jet_parallax_layout_list&quot;:[]}\">\n\t\t\t\t<div class=\"elementor-element elementor-element-850ece2 elementor-widget elementor-widget-heading\" data-id=\"850ece2\" data-element_type=\"widget\" data-e-type=\"widget\" data-widget_type=\"heading.default\">\n\t\t\t\t<div class=\"elementor-widget-container\">\n\t\t\t\t\t<h2 class=\"elementor-heading-title elementor-size-default\">Nivel intermedio<\/h2>\t\t\t\t<\/div>\n\t\t\t\t<\/div>\n\t\t\t\t<div class=\"elementor-element elementor-element-d2f9f28 elementor-widget elementor-widget-heading\" data-id=\"d2f9f28\" data-element_type=\"widget\" data-e-type=\"widget\" data-widget_type=\"heading.default\">\n\t\t\t\t<div class=\"elementor-widget-container\">\n\t\t\t\t\t<h1 class=\"elementor-heading-title elementor-size-default\">Hablemos sobre la Inflaci\u00f3n<\/h1>\t\t\t\t<\/div>\n\t\t\t\t<\/div>\n\t\t\t\t<div class=\"elementor-element elementor-element-4035082 elementor-widget elementor-widget-text-editor\" data-id=\"4035082\" data-element_type=\"widget\" data-e-type=\"widget\" data-widget_type=\"text-editor.default\">\n\t\t\t\t<div class=\"elementor-widget-container\">\n\t\t\t\t\t\t\t\t\t\u00a1Es hora de que infles tus conocimientos!\t\t\t\t\t\t\t\t<\/div>\n\t\t\t\t<\/div>\n\t\t\t\t<\/div>\n\t\t<div class=\"elementor-element elementor-element-4f1497b e-con-full e-flex e-con e-child\" data-id=\"4f1497b\" data-element_type=\"container\" data-e-type=\"container\" data-settings=\"{&quot;jet_parallax_layout_list&quot;:[],&quot;background_background&quot;:&quot;classic&quot;}\">\n\t\t\t\t<div class=\"elementor-element elementor-element-08a5740 elementor-widget elementor-widget-heading\" data-id=\"08a5740\" data-element_type=\"widget\" data-e-type=\"widget\" data-widget_type=\"heading.default\">\n\t\t\t\t<div class=\"elementor-widget-container\">\n\t\t\t\t\t<h3 class=\"elementor-heading-title elementor-size-default\">\u00bfC\u00f3mo jugar?:<\/h3>\t\t\t\t<\/div>\n\t\t\t\t<\/div>\n\t\t\t\t<div class=\"elementor-element elementor-element-c005fd0 elementor-widget__width-initial elementor-widget elementor-widget-text-editor\" data-id=\"c005fd0\" data-element_type=\"widget\" data-e-type=\"widget\" data-widget_type=\"text-editor.default\">\n\t\t\t\t<div class=\"elementor-widget-container\">\n\t\t\t\t\t\t\t\t\tSolo tienes que darle play al video y te encontrar\u00e1s con las preguntas con las que aprender\u00e1s hoy.\t\t\t\t\t\t\t\t<\/div>\n\t\t\t\t<\/div>\n\t\t\t\t<\/div>\n\t\t\t\t\t<\/div>\n\t\t\t\t<\/div>\n\t\t<div class=\"elementor-element elementor-element-abab328 e-flex e-con-boxed e-con e-parent\" data-id=\"abab328\" data-element_type=\"container\" data-e-type=\"container\" data-settings=\"{&quot;jet_parallax_layout_list&quot;:[],&quot;background_background&quot;:&quot;classic&quot;}\">\n\t\t\t\t\t<div class=\"e-con-inner\">\n\t\t\t\t<div class=\"elementor-element elementor-element-1d43eeb elementor-widget elementor-widget-shortcode\" data-id=\"1d43eeb\" data-element_type=\"widget\" data-e-type=\"widget\" data-widget_type=\"shortcode.default\">\n\t\t\t\t<div class=\"elementor-widget-container\">\n\t\t\t\t\t\t\t<div class=\"elementor-shortcode\"><div class=\"h5p-iframe-wrapper\"><iframe id=\"h5p-iframe-2\" class=\"h5p-iframe\" data-content-id=\"2\" style=\"height:1px\" src=\"about:blank\" frameBorder=\"0\" scrolling=\"no\" title=\"Video interactivo\"><\/iframe><\/div><\/div>\n\t\t\t\t\t\t<\/div>\n\t\t\t\t<\/div>\n\t\t\t\t\t<\/div>\n\t\t\t\t<\/div>\n\t\t<div class=\"elementor-element elementor-element-76f329d e-flex e-con-boxed e-con e-parent\" data-id=\"76f329d\" data-element_type=\"container\" data-e-type=\"container\" data-settings=\"{&quot;jet_parallax_layout_list&quot;:[]}\">\n\t\t\t\t\t<div class=\"e-con-inner\">\n\t\t\t\t<div class=\"elementor-element elementor-element-1a70416 elementor-widget elementor-widget-html\" data-id=\"1a70416\" data-element_type=\"widget\" data-e-type=\"widget\" data-widget_type=\"html.default\">\n\t\t\t\t<div class=\"elementor-widget-container\">\n\t\t\t\t\t\n<script>\n  document.addEventListener('DOMContentLoaded', function() {\n    var H5P = window.H5P || {};  \n    H5P.externalDispatcher.on('xAPI', function(event) {\n      if (event.getScore() >= 3) {\n        \/\/ Mostrar el bot\u00f3n si la condici\u00f3n se cumple\n        var buttonNext = document.getElementById('button-next');\n        buttonNext.style.display = \"block\";\n        \/\/ Mover la pantalla hacia el bot\u00f3n\n        buttonNext.scrollIntoView({ behavior: 'smooth',\n            block: 'center'\n            });\n      }\n    });\n  });\n<\/script>\n\t\t\t\t<\/div>\n\t\t\t\t<\/div>\n\t\t\t\t\t<\/div>\n\t\t\t\t<\/div>\n\t\t<div class=\"elementor-element elementor-element-b705d80 e-flex e-con-boxed e-con e-parent\" data-id=\"b705d80\" data-element_type=\"container\" data-e-type=\"container\" data-settings=\"{&quot;jet_parallax_layout_list&quot;:[],&quot;background_background&quot;:&quot;classic&quot;}\">\n\t\t\t\t\t<div class=\"e-con-inner\">\n\t\t\t\t<div class=\"elementor-element elementor-element-2b13285 elementor-align-center animated-slow elementor-invisible elementor-widget elementor-widget-button\" data-id=\"2b13285\" data-element_type=\"widget\" data-e-type=\"widget\" id=\"button-next\" data-settings=\"{&quot;_animation&quot;:&quot;bounceInDown&quot;,&quot;_animation_delay&quot;:800}\" data-widget_type=\"button.default\">\n\t\t\t\t<div class=\"elementor-widget-container\">\n\t\t\t\t\t\t\t\t\t<div class=\"elementor-button-wrapper\">\n\t\t\t\t\t<a class=\"elementor-button elementor-button-link elementor-size-sm\" href=\"https:\/\/tyba.com.co\/interactyba\/sopa-de-letras-inflacion\/\">\n\t\t\t\t\t\t<span class=\"elementor-button-content-wrapper\">\n\t\t\t\t\t\t\t\t\t<span class=\"elementor-button-text\">Ir al siguiente tyberGame<\/span>\n\t\t\t\t\t<\/span>\n\t\t\t\t\t<\/a>\n\t\t\t\t<\/div>\n\t\t\t\t\t\t\t\t<\/div>\n\t\t\t\t<\/div>\n\t\t\t\t\t<\/div>\n\t\t\t\t<\/div>\n\t\t<div class=\"elementor-element elementor-element-91739fb e-flex e-con-boxed e-con e-parent\" data-id=\"91739fb\" data-element_type=\"container\" data-e-type=\"container\" data-settings=\"{&quot;jet_parallax_layout_list&quot;:[],&quot;animation&quot;:&quot;none&quot;,&quot;background_background&quot;:&quot;classic&quot;}\">\n\t\t\t\t\t<div class=\"e-con-inner\">\n\t\t<div class=\"elementor-element elementor-element-3bbfd9b e-con-full e-flex e-con e-child\" data-id=\"3bbfd9b\" data-element_type=\"container\" data-e-type=\"container\" data-settings=\"{&quot;background_background&quot;:&quot;gradient&quot;,&quot;jet_parallax_layout_list&quot;:[]}\">\n\t\t\t\t<div class=\"elementor-element elementor-element-23fec51 elementor-widget elementor-widget-heading\" data-id=\"23fec51\" data-element_type=\"widget\" data-e-type=\"widget\" data-widget_type=\"heading.default\">\n\t\t\t\t<div class=\"elementor-widget-container\">\n\t\t\t\t\t<h3 class=\"elementor-heading-title elementor-size-default\">\u00bfTienes dudas sobre tus tyberGames?<\/h3>\t\t\t\t<\/div>\n\t\t\t\t<\/div>\n\t\t\t\t<div class=\"elementor-element elementor-element-b144655 elementor-widget elementor-widget-text-editor\" data-id=\"b144655\" data-element_type=\"widget\" data-e-type=\"widget\" data-widget_type=\"text-editor.default\">\n\t\t\t\t<div class=\"elementor-widget-container\">\n\t\t\t\t\t\t\t\t\tPreg\u00fantale a tyber bot las dudas que tengas sobre como puedes resolver alg\u00fan juego, \u00e9l te ayudar\u00e1 a que aprendas nuevos conceptos entre otras cosa.\t\t\t\t\t\t\t\t<\/div>\n\t\t\t\t<\/div>\n\t\t\t\t<\/div>\n\t\t\t\t\t<\/div>\n\t\t\t\t<\/div>\n\t\t\t\t<\/div>\n\t\t","protected":false},"excerpt":{"rendered":"<p>Nivel intermedio Hablemos sobre la Inflaci\u00f3n \u00a1Es hora de que infles tus conocimientos! \u00bfC\u00f3mo jugar?: Solo tienes que darle play al video y te encontrar\u00e1s con las preguntas con las que aprender\u00e1s hoy. Ir al siguiente tyberGame \u00bfTienes dudas sobre tus tyberGames? Preg\u00fantale a tyber bot las dudas que tengas sobre como puedes resolver alg\u00fan [&hellip;]<\/p>\n","protected":false},"author":2,"featured_media":0,"parent":0,"menu_order":0,"comment_status":"closed","ping_status":"closed","template":"elementor_header_footer","meta":{"footnotes":""},"class_list":["post-1360","page","type-page","status-publish","hentry"],"_links":{"self":[{"href":"https:\/\/tyba.com.co\/interactyba\/wp-json\/wp\/v2\/pages\/1360","targetHints":{"allow":["GET"]}}],"collection":[{"href":"https:\/\/tyba.com.co\/interactyba\/wp-json\/wp\/v2\/pages"}],"about":[{"href":"https:\/\/tyba.com.co\/interactyba\/wp-json\/wp\/v2\/types\/page"}],"author":[{"embeddable":true,"href":"https:\/\/tyba.com.co\/interactyba\/wp-json\/wp\/v2\/users\/2"}],"replies":[{"embeddable":true,"href":"https:\/\/tyba.com.co\/interactyba\/wp-json\/wp\/v2\/comments?post=1360"}],"version-history":[{"count":77,"href":"https:\/\/tyba.com.co\/interactyba\/wp-json\/wp\/v2\/pages\/1360\/revisions"}],"predecessor-version":[{"id":3189,"href":"https:\/\/tyba.com.co\/interactyba\/wp-json\/wp\/v2\/pages\/1360\/revisions\/3189"}],"wp:attachment":[{"href":"https:\/\/tyba.com.co\/interactyba\/wp-json\/wp\/v2\/media?parent=1360"}],"curies":[{"name":"wp","href":"https:\/\/api.w.org\/{rel}","templated":true}]}}